{"id":37,"date":"2023-11-08T15:25:56","date_gmt":"2023-11-08T14:25:56","guid":{"rendered":"https:\/\/inter-force.de\/?page_id=37"},"modified":"2023-11-09T17:42:55","modified_gmt":"2023-11-09T16:42:55","slug":"fuer-unternehmen","status":"publish","type":"page","link":"https:\/\/inter-force.de\/?page_id=37","title":{"rendered":"F\u00dcR UNTERNEHMEN"},"content":{"rendered":"\n<hr class=\"wp-block-separator has-alpha-channel-opacity\"\/>\n\n\n\n<p><strong>Willkommen bei INTER-FORCE &#8211; Ihr Partner f\u00fcr erstklassige Personalvermittlung und Headhunting<\/strong><\/p>\n\n\n\n<p>Bei INTER-FORCE Personalvermittlung verstehen wir die Bedeutung von hochqualifizierten Mitarbeitern f\u00fcr den Erfolg Ihres Unternehmens. Wir sind stolz darauf, Ihr vertrauensw\u00fcrdiger Partner f\u00fcr erstklassige Personalvermittlung und Headhunting zu sein. Unsere Mission ist es, Ihre Firma mit den besten Talenten zu versorgen, die Ihre Unternehmensziele nicht nur erf\u00fcllen, sondern \u00fcbertreffen.<\/p>\n\n\n\n<p><strong>Warum INTER-FORCE?<\/strong><\/p>\n\n\n\n<p>Unsere Erfahrung, unser Engagement und unser einzigartiger Ansatz zur Personalbeschaffung setzen uns von der Konkurrenz ab:<\/p>\n\n\n\n<p><strong>1. Branchen\u00fcbergreifende Expertise:<\/strong> Unser Team verf\u00fcgt \u00fcber umfassende Kenntnisse in einer Vielzahl von Branchen, von Technologie \u00fcber Gesundheitswesen bis hin zu Finanzen und vielen mehr. Wir verstehen die spezifischen Anforderungen und Herausforderungen, mit denen Ihr Unternehmen konfrontiert ist.<\/p>\n\n\n\n<p><strong>2. Ma\u00dfgeschneiderte L\u00f6sungen:<\/strong> Wir glauben nicht an Einheitsl\u00f6sungen. Jedes Unternehmen hat seine eigenen Bed\u00fcrfnisse und Kultur. Wir arbeiten eng mit Ihnen zusammen, um ma\u00dfgeschneiderte Personalbeschaffungsl\u00f6sungen zu entwickeln, die perfekt zu Ihrer Organisation passen.<\/p>\n\n\n\n<p><strong>3. Einzigartiger Talentpool:<\/strong> Unsere umfangreiche Datenbank enth\u00e4lt eine Vielzahl hochqualifizierter Kandidaten, die sorgf\u00e4ltig ausgew\u00e4hlt und auf ihre Eignung f\u00fcr Ihre Anforderungen gepr\u00fcft wurden. Wir finden nicht nur Kandidaten, wir finden die besten f\u00fcr Ihr Unternehmen.<\/p>\n\n\n\n<p><strong>4. Effiziente Prozesse:<\/strong> Unser Ziel ist es, den Personalbeschaffungsprozess so effizient wie m\u00f6glich zu gestalten. Wir bieten Ihnen qualifizierte Kandidaten in Rekordzeit, damit Sie die besten Talente schneller einstellen k\u00f6nnen.<\/p>\n\n\n\n<p><strong>5. Langfristige Partnerschaften:<\/strong> Bei INTER-FORCE streben wir nach langfristigen Beziehungen. Wir sind stolz darauf, nicht nur ein Dienstleister, sondern ein strategischer Partner f\u00fcr Ihr Unternehmen zu sein.<\/p>\n\n\n\n<p class=\"has-small-font-size\">Lassen Sie uns gemeinsam Ihre Unternehmensziele erreichen, indem wir die besten Talente finden, die Ihre Organisation auf das n\u00e4chste Level heben. Kontaktieren Sie uns heute, um mehr dar\u00fcber zu erfahren, wie INTER-FORCE Ihr Unternehmen unterst\u00fctzen kann.<\/p>\n","protected":false},"excerpt":{"rendered":"<p>Willkommen bei INTER-FORCE &#8211; Ihr Partner f\u00fcr erstklassige Personalvermittlung und Headhunting Bei INTER-FORCE Personalvermittlung verstehen wir die Bedeutung von hochqualifizierten Mitarbeitern f\u00fcr den Erfolg Ihres Unternehmens. Wir sind stolz darauf, Ihr vertrauensw\u00fcrdiger Partner f\u00fcr erstklassige Personalvermittlung und Headhunting zu sein. Unsere Mission ist es, Ihre Firma mit den besten Talenten zu versorgen, die Ihre Unternehmensziele<span class=\"post-excerpt-end\">&hellip;<\/span><\/p>\n<p class=\"more-link\"><a href=\"https:\/\/inter-force.de\/?page_id=37\" class=\"themebutton\">Read More<\/a><\/p>\n","protected":false},"author":1,"featured_media":0,"parent":0,"menu_order":0,"comment_status":"closed","ping_status":"closed","template":"","meta":{"footnotes":""},"class_list":["post-37","page","type-page","status-publish","hentry"],"_links":{"self":[{"href":"https:\/\/inter-force.de\/index.php?rest_route=\/wp\/v2\/pages\/37","targetHints":{"allow":["GET"]}}],"collection":[{"href":"https:\/\/inter-force.de\/index.php?rest_route=\/wp\/v2\/pages"}],"about":[{"href":"https:\/\/inter-force.de\/index.php?rest_route=\/wp\/v2\/types\/page"}],"author":[{"embeddable":true,"href":"https:\/\/inter-force.de\/index.php?rest_route=\/wp\/v2\/users\/1"}],"replies":[{"embeddable":true,"href":"https:\/\/inter-force.de\/index.php?rest_route=%2Fwp%2Fv2%2Fcomments&post=37"}],"version-history":[{"count":3,"href":"https:\/\/inter-force.de\/index.php?rest_route=\/wp\/v2\/pages\/37\/revisions"}],"predecessor-version":[{"id":72,"href":"https:\/\/inter-force.de\/index.php?rest_route=\/wp\/v2\/pages\/37\/revisions\/72"}],"wp:attachment":[{"href":"https:\/\/inter-force.de\/index.php?rest_route=%2Fwp%2Fv2%2Fmedia&parent=37"}],"curies":[{"name":"wp","href":"https:\/\/api.w.org\/{rel}","templated":true}]}}